{"id":38,"date":"2024-02-27T10:13:27","date_gmt":"2024-02-27T10:13:27","guid":{"rendered":"https:\/\/promo-theme.com\/lawtorn\/?page_id=38"},"modified":"2024-11-18T16:43:20","modified_gmt":"2024-11-18T16:43:20","slug":"contact","status":"publish","type":"page","link":"https:\/\/immigrationattorney.bomalawgroup.com\/es\/contact\/","title":{"rendered":"Contacto"},"content":{"rendered":"<div data-elementor-type=\"wp-page\" data-elementor-id=\"38\" class=\"elementor elementor-38\" data-elementor-post-type=\"page\">\n\t\t\t\t<div class=\"elementor-element elementor-element-bb7df46 e-flex e-con-boxed e-con e-parent\" data-id=\"bb7df46\" data-element_type=\"container\" data-e-type=\"container\" data-settings=\"{&quot;background_background&quot;:&quot;classic&quot;}\">\n\t\t\t\t\t<div class=\"e-con-inner\">\n\t\t\t\t<div class=\"elementor-element elementor-element-65431d6 elementor-widget elementor-widget-pt-breadcrumbs\" data-id=\"65431d6\" data-element_type=\"widget\" data-e-type=\"widget\" data-widget_type=\"pt-breadcrumbs.default\">\n\t\t\t\t<div class=\"elementor-widget-container\">\n\t\t\t\t\t<div class=\"breadcrumbs\"><a href=\"https:\/\/immigrationattorney.bomalawgroup.com\/es\/\">Hogar<\/a><span class=\"sep\"><\/span><\/div>\t\t\t\t<\/div>\n\t\t\t\t<\/div>\n\t\t\t\t<div class=\"elementor-element elementor-element-26dfd3f elementor-widget__width-initial elementor-widget elementor-widget-pt-heading\" data-id=\"26dfd3f\" data-element_type=\"widget\" data-e-type=\"widget\" data-widget_type=\"pt-heading.default\">\n\t\t\t\t<div class=\"elementor-widget-container\">\n\t\t\t\t\t\n\t\t<div class=\"pt-heading text-align-\">\n\t\t\t\n\t\t\t\t\t\t\t<h1 class=\"pt-heading-title h2\">\n\t\t\t\t\tponte en contacto\t\t\t\t<\/h1>\n\t\t\t\t\t<\/div>\n\n\t\t\t\t\t\t<\/div>\n\t\t\t\t<\/div>\n\t\t\t\t\t<\/div>\n\t\t\t\t<\/div>\n\t\t<div class=\"elementor-element elementor-element-c15b273 e-flex e-con-boxed e-con e-parent\" data-id=\"c15b273\" data-element_type=\"container\" data-e-type=\"container\">\n\t\t\t\t\t<div class=\"e-con-inner\">\n\t\t<div class=\"elementor-element elementor-element-c902e3c e-con-full e-flex e-con e-child\" data-id=\"c902e3c\" data-element_type=\"container\" data-e-type=\"container\">\n\t\t\t\t<div class=\"elementor-element elementor-element-763c1cf elementor-widget elementor-widget-image\" data-id=\"763c1cf\" data-element_type=\"widget\" data-e-type=\"widget\" data-widget_type=\"image.default\">\n\t\t\t\t<div class=\"elementor-widget-container\">\n\t\t\t\t\t\t\t\t\t\t\t\t\t\t\t<img fetchpriority=\"high\" decoding=\"async\" width=\"996\" height=\"920\" src=\"https:\/\/immigrationattorney.bomalawgroup.com\/wp-content\/uploads\/2024\/02\/lawtorn-27.webp\" class=\"attachment-full size-full wp-image-399\" alt=\"\" srcset=\"https:\/\/immigrationattorney.bomalawgroup.com\/wp-content\/uploads\/2024\/02\/lawtorn-27.webp 996w, https:\/\/immigrationattorney.bomalawgroup.com\/wp-content\/uploads\/2024\/02\/lawtorn-27-300x277.webp 300w, https:\/\/immigrationattorney.bomalawgroup.com\/wp-content\/uploads\/2024\/02\/lawtorn-27-768x709.webp 768w\" sizes=\"(max-width: 996px) 100vw, 996px\" \/>\t\t\t\t\t\t\t\t\t\t\t\t\t\t\t<\/div>\n\t\t\t\t<\/div>\n\t\t\t\t<\/div>\n\t\t<div class=\"elementor-element elementor-element-cebf08e e-con-full e-flex e-con e-child\" data-id=\"cebf08e\" data-element_type=\"container\" data-e-type=\"container\">\n\t\t\t\t<div class=\"elementor-element elementor-element-9a30c64 elementor-widget elementor-widget-pt-heading\" data-id=\"9a30c64\" data-element_type=\"widget\" data-e-type=\"widget\" data-widget_type=\"pt-heading.default\">\n\t\t\t\t<div class=\"elementor-widget-container\">\n\t\t\t\t\t\n\t\t<div class=\"pt-heading text-align-\">\n\t\t\t\t\t\t\t<p class=\"pt-heading-subtitle\"><span>Ponte en contacto<\/span><\/p>\n\t\t\t\n\t\t\t\t\t\t\t<h2 class=\"pt-heading-title h2\">\n\t\t\t\t\tCont\u00e1ctenos para obtener asistencia de inmigraci\u00f3n personalizada\t\t\t\t<\/h2>\n\t\t\t\t\t<\/div>\n\n\t\t\t\t\t\t<\/div>\n\t\t\t\t<\/div>\n\t\t\t\t<div class=\"elementor-element elementor-element-8f8d6bb elementor-widget elementor-widget-text-editor\" data-id=\"8f8d6bb\" data-element_type=\"widget\" data-e-type=\"widget\" data-widget_type=\"text-editor.default\">\n\t\t\t\t<div class=\"elementor-widget-container\">\n\t\t\t\t\t\t\t\t\t<p>Nuestro equipo est\u00e1 listo para brindar apoyo de inmigraci\u00f3n personalizado. Comun\u00edquese hoy para discutir su caso y explorar sus opciones, estamos aqu\u00ed para defender sus derechos.<\/p>\t\t\t\t\t\t\t\t<\/div>\n\t\t\t\t<\/div>\n\t\t\t\t<div class=\"elementor-element elementor-element-4f72c8b elementor-widget elementor-widget-pt-icon-box\" data-id=\"4f72c8b\" data-element_type=\"widget\" data-e-type=\"widget\" data-settings=\"{&quot;cols&quot;:&quot;1&quot;,&quot;cols_tablet&quot;:&quot;1&quot;,&quot;gap&quot;:20,&quot;style&quot;:&quot;before-title&quot;,&quot;layout&quot;:&quot;grid&quot;,&quot;cols_mobile&quot;:1,&quot;arrows_position&quot;:&quot;default&quot;}\" data-widget_type=\"pt-icon-box.default\">\n\t\t\t\t<div class=\"elementor-widget-container\">\n\t\t\t\t\t\n\t\t<div class=\"pt-icon-boxes layout-grid style-before-title shape-circle   arrows-default arrows-align-\">\n\t\t\t\n\t\t\t\n\t\t\t\t\n\t\t\t\t\n\t\t\t\t<div class=\"pt-icon-box elementor-repeater-item-92f747e\">\n\n\t\t\t\t\t\n\t\t\t\t\t\t<div class=\"title-wrapper\">\n\t\t\t\t\t\t\t\n\t\t<div class=\"pt-icon-box-icon\">\n\t\t\t\n\t\t\t\t<i aria-hidden=\"true\" class=\"pticon pticon-location\"><\/i>\n\t\t\t\t\t<\/div>\n\n\t\t\t\t\t\t\t\t\t\t\t\t\t\t\t\t\n\t\t<div class=\"pt-icon-box-title\">\n\t\t\t\t\t\t\t<a href=\"https:\/\/maps.app.goo.gl\/YdZK2H4KApfAyYHTA\" target=\"_blank\">\n\t\t\t\n\t\t\t7600 W. Roosevelt Road, Ste. 164, Forest Park, IL 60130\n\t\t\t\t\t\t\t<\/a>\n\t\t\t\t\t<\/div>\n\n\t\t\t\t\t\t\t\t<\/div>\n\n\t\t\t\t\t\t\t\t\t\t\t\t\n\t\t\t\t\t\n\t\t\t\t\t\n\t\t\t\t<\/div>\n\n\t\t\t\t\n\t\t\t\n\t\t\t\t\n\t\t\t\t\n\t\t\t\t<div class=\"pt-icon-box elementor-repeater-item-94c7920\">\n\n\t\t\t\t\t\n\t\t\t\t\t\t<div class=\"title-wrapper\">\n\t\t\t\t\t\t\t\n\t\t<div class=\"pt-icon-box-icon\">\n\t\t\t\n\t\t\t\t<i aria-hidden=\"true\" class=\"pticon pticon-phone\"><\/i>\n\t\t\t\t\t<\/div>\n\n\t\t\t\t\t\t\t\t\t\t\t\t\t\t\t\t\n\t\t<div class=\"pt-icon-box-title\">\n\t\t\t\t\t\t\t<a href=\"tel:+13123443590\">\n\t\t\t\n\t\t\t(312) 344-3590\n\t\t\t\t\t\t\t<\/a>\n\t\t\t\t\t<\/div>\n\n\t\t\t\t\t\t\t\t<\/div>\n\n\t\t\t\t\t\t\t\t\t\t\t\t\n\t\t\t\t\t\n\t\t\t\t\t\n\t\t\t\t<\/div>\n\n\t\t\t\t\n\t\t\t\n\t\t\t\t\n\t\t\t\t\n\t\t\t\t<div class=\"pt-icon-box elementor-repeater-item-a3547f4\">\n\n\t\t\t\t\t\n\t\t\t\t\t\t<div class=\"title-wrapper\">\n\t\t\t\t\t\t\t\n\t\t<div class=\"pt-icon-box-icon\">\n\t\t\t\n\t\t\t\t<i aria-hidden=\"true\" class=\"pticon pticon-envelope\"><\/i>\n\t\t\t\t\t<\/div>\n\n\t\t\t\t\t\t\t\t\t\t\t\t\t\t\t\t\n\t\t<div class=\"pt-icon-box-title\">\n\t\t\t\t\t\t\t<a href=\"mailto:info@bomalawgroup.com\">\n\t\t\t\n\t\t\tinfo@bomalawgroup.com\n\t\t\t\t\t\t\t<\/a>\n\t\t\t\t\t<\/div>\n\n\t\t\t\t\t\t\t\t<\/div>\n\n\t\t\t\t\t\t\t\t\t\t\t\t\n\t\t\t\t\t\n\t\t\t\t\t\n\t\t\t\t<\/div>\n\n\t\t\t\t\n\t\t\t\n\t\t\t\n\t\t\t\t\t<\/div>\n\n\t\t\n\t\t\t\t\t\t<\/div>\n\t\t\t\t<\/div>\n\t\t\t\t<\/div>\n\t\t\t\t\t<\/div>\n\t\t\t\t<\/div>\n\t\t<div class=\"elementor-element elementor-element-5f67d2f home-contact-form-container e-flex e-con-boxed e-con e-parent\" data-id=\"5f67d2f\" data-element_type=\"container\" data-e-type=\"container\" data-settings=\"{&quot;background_background&quot;:&quot;classic&quot;}\">\n\t\t\t\t\t<div class=\"e-con-inner\">\n\t\t\t\t<div class=\"elementor-element elementor-element-a50c212 elementor-widget elementor-widget-pt-heading\" data-id=\"a50c212\" data-element_type=\"widget\" data-e-type=\"widget\" data-widget_type=\"pt-heading.default\">\n\t\t\t\t<div class=\"elementor-widget-container\">\n\t\t\t\t\t\n\t\t<div class=\"pt-heading text-align-center\">\n\t\t\t\t\t\t\t<p class=\"pt-heading-subtitle\"><span>ponte en contacto<\/span><\/p>\n\t\t\t\n\t\t\t\t\t\t\t<h2 class=\"pt-heading-title h2\">\n\t\t\t\t\tBoma Law Group<br \/>\n<span>Defendiendo tus derechos<\/span>\t\t\t\t<\/h2>\n\t\t\t\t\t<\/div>\n\n\t\t\t\t\t\t<\/div>\n\t\t\t\t<\/div>\n\t\t\t\t<div class=\"elementor-element elementor-element-4de7596 home-contact-form elementor-widget elementor-widget-pt-contact-form-7\" data-id=\"4de7596\" data-element_type=\"widget\" data-e-type=\"widget\" data-widget_type=\"pt-contact-form-7.default\">\n\t\t\t\t<div class=\"elementor-widget-container\">\n\t\t\t\t\t\n\t\t\t<div class=\"pt-contact-form-7\">\n\t\t\t\t\n<div class=\"wpcf7 no-js\" id=\"wpcf7-f14-o1\" lang=\"en-US\" dir=\"ltr\" data-wpcf7-id=\"14\">\n<div class=\"screen-reader-response\"><p role=\"status\" aria-live=\"polite\" aria-atomic=\"true\"><\/p> <ul><\/ul><\/div>\n<form action=\"\/es\/wp-json\/wp\/v2\/pages\/38#wpcf7-f14-o1\" method=\"post\" class=\"wpcf7-form init\" aria-label=\"Contact form\" novalidate=\"novalidate\" data-status=\"init\" data-trp-original-action=\"\/es\/wp-json\/wp\/v2\/pages\/38#wpcf7-f14-o1\">\n<div style=\"display: none;\">\n<input type=\"hidden\" name=\"_wpcf7\" value=\"14\" \/>\n<input type=\"hidden\" name=\"_wpcf7_version\" value=\"6.0.6\" \/>\n<input type=\"hidden\" name=\"_wpcf7_locale\" value=\"en_US\" \/>\n<input type=\"hidden\" name=\"_wpcf7_unit_tag\" value=\"wpcf7-f14-o1\" \/>\n<input type=\"hidden\" name=\"_wpcf7_container_post\" value=\"0\" \/>\n<input type=\"hidden\" name=\"_wpcf7_posted_data_hash\" value=\"\" \/>\n<input type=\"hidden\" name=\"_wpcf7_recaptcha_response\" value=\"\" \/>\n<\/div>\n<p><label> Su nombre<br \/>\n<span class=\"wpcf7-form-control-wrap\" data-name=\"your-name\"><input size=\"40\" maxlength=\"400\" class=\"wpcf7-form-control wpcf7-text wpcf7-validates-as-required\" autocomplete=\"name\" aria-required=\"true\" aria-invalid=\"false\" value=\"\" type=\"text\" name=\"your-name\" \/><\/span> <\/label>\n<\/p>\n<p><label> Tu correo electr\u00f3nico<br \/>\n<span class=\"wpcf7-form-control-wrap\" data-name=\"your-email\"><input size=\"40\" maxlength=\"400\" class=\"wpcf7-form-control wpcf7-email wpcf7-validates-as-required wpcf7-text wpcf7-validates-as-email\" autocomplete=\"email\" aria-required=\"true\" aria-invalid=\"false\" value=\"\" type=\"email\" name=\"your-email\" \/><\/span> <\/label>\n<\/p>\n<p><label> Sujeto<br \/>\n<span class=\"wpcf7-form-control-wrap\" data-name=\"your-subject\"><input size=\"40\" maxlength=\"400\" class=\"wpcf7-form-control wpcf7-text wpcf7-validates-as-required\" aria-required=\"true\" aria-invalid=\"false\" value=\"\" type=\"text\" name=\"your-subject\" \/><\/span> <\/label>\n<\/p>\n<p><label> Tu mensaje (opcional)<br \/>\n<span class=\"wpcf7-form-control-wrap\" data-name=\"your-message\"><textarea cols=\"40\" rows=\"10\" maxlength=\"2000\" class=\"wpcf7-form-control wpcf7-textarea\" aria-invalid=\"false\" name=\"your-message\"><\/textarea><\/span> <\/label>\n<\/p>\n<p><input class=\"wpcf7-form-control wpcf7-submit has-spinner\" type=\"submit\" value=\"Entregar\" \/>\n<\/p><div class=\"wpcf7-response-output\" aria-hidden=\"true\"><\/div>\n<input type=\"hidden\" name=\"trp-form-language\" value=\"es\"\/><\/form>\n<\/div>\n\t\t\t<\/div>\n\n\t\t\t\t\t\t<\/div>\n\t\t\t\t<\/div>\n\t\t\t\t\t<\/div>\n\t\t\t\t<\/div>\n\t\t<div class=\"elementor-element elementor-element-9e561ab e-con-full e-flex e-con e-parent\" data-id=\"9e561ab\" data-element_type=\"container\" data-e-type=\"container\">\n\t\t\t\t<div class=\"elementor-element elementor-element-79bb60d elementor-widget elementor-widget-google_maps\" data-id=\"79bb60d\" data-element_type=\"widget\" data-e-type=\"widget\" data-widget_type=\"google_maps.default\">\n\t\t\t\t<div class=\"elementor-widget-container\">\n\t\t\t\t\t\t\t<div class=\"elementor-custom-embed\">\n\t\t\t<iframe loading=\"lazy\"\n\t\t\t\t\tsrc=\"https:\/\/maps.google.com\/maps?q=7600%20Roosevelt%20Rd%2C%20Forest%20Park%2C%20IL%2C%20United%20States&#038;t=m&#038;z=14&#038;output=embed&#038;iwloc=near\"\n\t\t\t\t\ttitle=\"7600 Roosevelt Rd, Forest Park, IL, United States\"\n\t\t\t\t\taria-label=\"7600 Roosevelt Rd, Forest Park, IL, United States\"\n\t\t\t><\/iframe>\n\t\t<\/div>\n\t\t\t\t\t\t<\/div>\n\t\t\t\t<\/div>\n\t\t\t\t<\/div>\n\t\t\t\t<\/div>","protected":false},"excerpt":{"rendered":"<p>Home get in touch Get in touch Contact Us for Personalized Immigration Assistance Our team is ready to provide personalized immigration support. Reach out&#8230;<\/p>","protected":false},"author":1,"featured_media":0,"parent":0,"menu_order":0,"comment_status":"closed","ping_status":"closed","template":"","meta":{"_acf_changed":false,"footnotes":""},"class_list":["post-38","page","type-page","status-publish","hentry"],"acf":[],"yoast_head":"<!-- This site is optimized with the Yoast SEO plugin v27.4 - https:\/\/yoast.com\/product\/yoast-seo-wordpress\/ -->\n<title>Contact Us for Immigration Help | Asylum, Waivers, and Visa Legal Services<\/title>\n<meta name=\"description\" content=\"Contact us today for expert immigration assistance, including asylum applications, waivers, and visa denial appeals. Our experienced attorneys near Chicago are ready to guide you through the process.\" \/>\n<meta name=\"robots\" content=\"index, follow, max-snippet:-1, max-image-preview:large, max-video-preview:-1\" \/>\n<link rel=\"canonical\" href=\"https:\/\/immigrationattorney.bomalawgroup.com\/es\/contact\/\" \/>\n<meta property=\"og:locale\" content=\"es_MX\" \/>\n<meta property=\"og:type\" content=\"article\" \/>\n<meta property=\"og:title\" content=\"Contact Us for Immigration Help | Asylum, Waivers, and Visa Legal Services\" \/>\n<meta property=\"og:description\" content=\"Contact us today for expert immigration assistance, including asylum applications, waivers, and visa denial appeals. Our experienced attorneys near Chicago are ready to guide you through the process.\" \/>\n<meta property=\"og:url\" content=\"https:\/\/immigrationattorney.bomalawgroup.com\/es\/contact\/\" \/>\n<meta property=\"og:site_name\" content=\"immigrationattorney.bomalawgroup.com\" \/>\n<meta property=\"article:modified_time\" content=\"2024-11-18T16:43:20+00:00\" \/>\n<meta property=\"og:image\" content=\"https:\/\/immigrationattorney.bomalawgroup.com\/wp-content\/uploads\/2024\/02\/lawtorn-27.webp\" \/>\n<meta name=\"twitter:card\" content=\"summary_large_image\" \/>\n<meta name=\"twitter:label1\" content=\"Tiempo de lectura\" \/>\n\t<meta name=\"twitter:data1\" content=\"1 minuto\" \/>\n<script type=\"application\/ld+json\" class=\"yoast-schema-graph\">{\"@context\":\"https:\\\/\\\/schema.org\",\"@graph\":[{\"@type\":\"WebPage\",\"@id\":\"https:\\\/\\\/immigrationattorney.bomalawgroup.com\\\/contact\\\/\",\"url\":\"https:\\\/\\\/immigrationattorney.bomalawgroup.com\\\/contact\\\/\",\"name\":\"Contact Us for Immigration Help | Asylum, Waivers, and Visa Legal Services\",\"isPartOf\":{\"@id\":\"https:\\\/\\\/immigrationattorney.bomalawgroup.com\\\/#website\"},\"primaryImageOfPage\":{\"@id\":\"https:\\\/\\\/immigrationattorney.bomalawgroup.com\\\/contact\\\/#primaryimage\"},\"image\":{\"@id\":\"https:\\\/\\\/immigrationattorney.bomalawgroup.com\\\/contact\\\/#primaryimage\"},\"thumbnailUrl\":\"https:\\\/\\\/immigrationattorney.bomalawgroup.com\\\/wp-content\\\/uploads\\\/2024\\\/02\\\/lawtorn-27.webp\",\"datePublished\":\"2024-02-27T10:13:27+00:00\",\"dateModified\":\"2024-11-18T16:43:20+00:00\",\"description\":\"Contact us today for expert immigration assistance, including asylum applications, waivers, and visa denial appeals. Our experienced attorneys near Chicago are ready to guide you through the process.\",\"breadcrumb\":{\"@id\":\"https:\\\/\\\/immigrationattorney.bomalawgroup.com\\\/contact\\\/#breadcrumb\"},\"inLanguage\":\"es\",\"potentialAction\":[{\"@type\":\"ReadAction\",\"target\":[\"https:\\\/\\\/immigrationattorney.bomalawgroup.com\\\/contact\\\/\"]}]},{\"@type\":\"ImageObject\",\"inLanguage\":\"es\",\"@id\":\"https:\\\/\\\/immigrationattorney.bomalawgroup.com\\\/contact\\\/#primaryimage\",\"url\":\"https:\\\/\\\/immigrationattorney.bomalawgroup.com\\\/wp-content\\\/uploads\\\/2024\\\/02\\\/lawtorn-27.webp\",\"contentUrl\":\"https:\\\/\\\/immigrationattorney.bomalawgroup.com\\\/wp-content\\\/uploads\\\/2024\\\/02\\\/lawtorn-27.webp\"},{\"@type\":\"BreadcrumbList\",\"@id\":\"https:\\\/\\\/immigrationattorney.bomalawgroup.com\\\/contact\\\/#breadcrumb\",\"itemListElement\":[{\"@type\":\"ListItem\",\"position\":1,\"name\":\"Home\",\"item\":\"https:\\\/\\\/immigrationattorney.bomalawgroup.com\\\/\"},{\"@type\":\"ListItem\",\"position\":2,\"name\":\"Contact\"}]},{\"@type\":\"WebSite\",\"@id\":\"https:\\\/\\\/immigrationattorney.bomalawgroup.com\\\/#website\",\"url\":\"https:\\\/\\\/immigrationattorney.bomalawgroup.com\\\/\",\"name\":\"immigrationattorney.bomalawgroup.com\",\"description\":\"Empowering Immigrants, Securing Futures\",\"publisher\":{\"@id\":\"https:\\\/\\\/immigrationattorney.bomalawgroup.com\\\/#organization\"},\"potentialAction\":[{\"@type\":\"SearchAction\",\"target\":{\"@type\":\"EntryPoint\",\"urlTemplate\":\"https:\\\/\\\/immigrationattorney.bomalawgroup.com\\\/?s={search_term_string}\"},\"query-input\":{\"@type\":\"PropertyValueSpecification\",\"valueRequired\":true,\"valueName\":\"search_term_string\"}}],\"inLanguage\":\"es\"},{\"@type\":\"Organization\",\"@id\":\"https:\\\/\\\/immigrationattorney.bomalawgroup.com\\\/#organization\",\"name\":\"Boma Law Group\",\"url\":\"https:\\\/\\\/immigrationattorney.bomalawgroup.com\\\/\",\"logo\":{\"@type\":\"ImageObject\",\"inLanguage\":\"es\",\"@id\":\"https:\\\/\\\/immigrationattorney.bomalawgroup.com\\\/#\\\/schema\\\/logo\\\/image\\\/\",\"url\":\"https:\\\/\\\/immigrationattorney.bomalawgroup.com\\\/wp-content\\\/uploads\\\/2024\\\/10\\\/cropped-cropped-favicon-180x180-1.webp\",\"contentUrl\":\"https:\\\/\\\/immigrationattorney.bomalawgroup.com\\\/wp-content\\\/uploads\\\/2024\\\/10\\\/cropped-cropped-favicon-180x180-1.webp\",\"width\":512,\"height\":512,\"caption\":\"Boma Law Group\"},\"image\":{\"@id\":\"https:\\\/\\\/immigrationattorney.bomalawgroup.com\\\/#\\\/schema\\\/logo\\\/image\\\/\"}}]}<\/script>\n<!-- \/ Yoast SEO plugin. -->","yoast_head_json":{"title":"Contact Us for Immigration Help | Asylum, Waivers, and Visa Legal Services","description":"Contact us today for expert immigration assistance, including asylum applications, waivers, and visa denial appeals. Our experienced attorneys near Chicago are ready to guide you through the process.","robots":{"index":"index","follow":"follow","max-snippet":"max-snippet:-1","max-image-preview":"max-image-preview:large","max-video-preview":"max-video-preview:-1"},"canonical":"https:\/\/immigrationattorney.bomalawgroup.com\/es\/contact\/","og_locale":"es_MX","og_type":"article","og_title":"Contact Us for Immigration Help | Asylum, Waivers, and Visa Legal Services","og_description":"Contact us today for expert immigration assistance, including asylum applications, waivers, and visa denial appeals. Our experienced attorneys near Chicago are ready to guide you through the process.","og_url":"https:\/\/immigrationattorney.bomalawgroup.com\/es\/contact\/","og_site_name":"immigrationattorney.bomalawgroup.com","article_modified_time":"2024-11-18T16:43:20+00:00","og_image":[{"url":"https:\/\/immigrationattorney.bomalawgroup.com\/wp-content\/uploads\/2024\/02\/lawtorn-27.webp","type":"","width":"","height":""}],"twitter_card":"summary_large_image","twitter_misc":{"Tiempo de lectura":"1 minuto"},"schema":{"@context":"https:\/\/schema.org","@graph":[{"@type":"WebPage","@id":"https:\/\/immigrationattorney.bomalawgroup.com\/contact\/","url":"https:\/\/immigrationattorney.bomalawgroup.com\/contact\/","name":"Contact Us for Immigration Help | Asylum, Waivers, and Visa Legal Services","isPartOf":{"@id":"https:\/\/immigrationattorney.bomalawgroup.com\/#website"},"primaryImageOfPage":{"@id":"https:\/\/immigrationattorney.bomalawgroup.com\/contact\/#primaryimage"},"image":{"@id":"https:\/\/immigrationattorney.bomalawgroup.com\/contact\/#primaryimage"},"thumbnailUrl":"https:\/\/immigrationattorney.bomalawgroup.com\/wp-content\/uploads\/2024\/02\/lawtorn-27.webp","datePublished":"2024-02-27T10:13:27+00:00","dateModified":"2024-11-18T16:43:20+00:00","description":"Contact us today for expert immigration assistance, including asylum applications, waivers, and visa denial appeals. Our experienced attorneys near Chicago are ready to guide you through the process.","breadcrumb":{"@id":"https:\/\/immigrationattorney.bomalawgroup.com\/contact\/#breadcrumb"},"inLanguage":"es","potentialAction":[{"@type":"ReadAction","target":["https:\/\/immigrationattorney.bomalawgroup.com\/contact\/"]}]},{"@type":"ImageObject","inLanguage":"es","@id":"https:\/\/immigrationattorney.bomalawgroup.com\/contact\/#primaryimage","url":"https:\/\/immigrationattorney.bomalawgroup.com\/wp-content\/uploads\/2024\/02\/lawtorn-27.webp","contentUrl":"https:\/\/immigrationattorney.bomalawgroup.com\/wp-content\/uploads\/2024\/02\/lawtorn-27.webp"},{"@type":"BreadcrumbList","@id":"https:\/\/immigrationattorney.bomalawgroup.com\/contact\/#breadcrumb","itemListElement":[{"@type":"ListItem","position":1,"name":"Home","item":"https:\/\/immigrationattorney.bomalawgroup.com\/"},{"@type":"ListItem","position":2,"name":"Contact"}]},{"@type":"WebSite","@id":"https:\/\/immigrationattorney.bomalawgroup.com\/#website","url":"https:\/\/immigrationattorney.bomalawgroup.com\/","name":"immigrationattorney.bomalawgroup.com","description":"Empowering Immigrants, Securing Futures","publisher":{"@id":"https:\/\/immigrationattorney.bomalawgroup.com\/#organization"},"potentialAction":[{"@type":"SearchAction","target":{"@type":"EntryPoint","urlTemplate":"https:\/\/immigrationattorney.bomalawgroup.com\/?s={search_term_string}"},"query-input":{"@type":"PropertyValueSpecification","valueRequired":true,"valueName":"search_term_string"}}],"inLanguage":"es"},{"@type":"Organization","@id":"https:\/\/immigrationattorney.bomalawgroup.com\/#organization","name":"Boma Law Group","url":"https:\/\/immigrationattorney.bomalawgroup.com\/","logo":{"@type":"ImageObject","inLanguage":"es","@id":"https:\/\/immigrationattorney.bomalawgroup.com\/#\/schema\/logo\/image\/","url":"https:\/\/immigrationattorney.bomalawgroup.com\/wp-content\/uploads\/2024\/10\/cropped-cropped-favicon-180x180-1.webp","contentUrl":"https:\/\/immigrationattorney.bomalawgroup.com\/wp-content\/uploads\/2024\/10\/cropped-cropped-favicon-180x180-1.webp","width":512,"height":512,"caption":"Boma Law Group"},"image":{"@id":"https:\/\/immigrationattorney.bomalawgroup.com\/#\/schema\/logo\/image\/"}}]}},"_links":{"self":[{"href":"https:\/\/immigrationattorney.bomalawgroup.com\/es\/wp-json\/wp\/v2\/pages\/38","targetHints":{"allow":["GET"]}}],"collection":[{"href":"https:\/\/immigrationattorney.bomalawgroup.com\/es\/wp-json\/wp\/v2\/pages"}],"about":[{"href":"https:\/\/immigrationattorney.bomalawgroup.com\/es\/wp-json\/wp\/v2\/types\/page"}],"author":[{"embeddable":true,"href":"https:\/\/immigrationattorney.bomalawgroup.com\/es\/wp-json\/wp\/v2\/users\/1"}],"replies":[{"embeddable":true,"href":"https:\/\/immigrationattorney.bomalawgroup.com\/es\/wp-json\/wp\/v2\/comments?post=38"}],"version-history":[{"count":22,"href":"https:\/\/immigrationattorney.bomalawgroup.com\/es\/wp-json\/wp\/v2\/pages\/38\/revisions"}],"predecessor-version":[{"id":1336,"href":"https:\/\/immigrationattorney.bomalawgroup.com\/es\/wp-json\/wp\/v2\/pages\/38\/revisions\/1336"}],"wp:attachment":[{"href":"https:\/\/immigrationattorney.bomalawgroup.com\/es\/wp-json\/wp\/v2\/media?parent=38"}],"curies":[{"name":"wp","href":"https:\/\/api.w.org\/{rel}","templated":true}]}}